{"id":1077,"date":"2025-10-27T20:08:20","date_gmt":"2025-10-27T19:08:20","guid":{"rendered":"https:\/\/lange.senejko.pl\/?page_id=1077"},"modified":"2025-10-27T20:20:15","modified_gmt":"2025-10-27T19:20:15","slug":"impressum","status":"publish","type":"page","link":"https:\/\/lange.senejko.pl\/index.php\/impressum\/","title":{"rendered":"Impressum"},"content":{"rendered":"\t\t<div data-elementor-type=\"wp-page\" data-elementor-id=\"1077\" class=\"elementor elementor-1077\" data-elementor-post-type=\"page\">\n\t\t\t\t<div class=\"elementor-element elementor-element-b2fdc78 e-flex e-con-boxed e-con e-parent\" data-id=\"b2fdc78\" data-element_type=\"container\">\n\t\t\t\t\t<div class=\"e-con-inner\">\n\t\t<div class=\"elementor-element elementor-element-d696953 e-con-full e-flex e-con e-child\" data-id=\"d696953\" data-element_type=\"container\">\n\t\t<div class=\"elementor-element elementor-element-16c83ac e-con-full e-flex e-con e-child\" data-id=\"16c83ac\" data-element_type=\"container\">\n\t\t\t\t<div class=\"elementor-element elementor-element-c8a7faf elementor-view-default elementor-widget elementor-widget-icon\" data-id=\"c8a7faf\" data-element_type=\"widget\" data-widget_type=\"icon.default\">\n\t\t\t\t\t\t\t<div class=\"elementor-icon-wrapper\">\n\t\t\t<a class=\"elementor-icon\" href=\"https:\/\/lange.senejko.pl\/\">\n\t\t\t<svg aria-hidden=\"true\" class=\"e-font-icon-svg e-fas-arrow-circle-left\" viewBox=\"0 0 512 512\" xmlns=\"http:\/\/www.w3.org\/2000\/svg\"><path d=\"M256 504C119 504 8 393 8 256S119 8 256 8s248 111 248 248-111 248-248 248zm28.9-143.6L209.4 288H392c13.3 0 24-10.7 24-24v-16c0-13.3-10.7-24-24-24H209.4l75.5-72.4c9.7-9.3 9.9-24.8.4-34.3l-11-10.9c-9.4-9.4-24.6-9.4-33.9 0L107.7 239c-9.4 9.4-9.4 24.6 0 33.9l132.7 132.7c9.4 9.4 24.6 9.4 33.9 0l11-10.9c9.5-9.5 9.3-25-.4-34.3z\"><\/path><\/svg>\t\t\t<\/a>\n\t\t<\/div>\n\t\t\t\t\t\t<\/div>\n\t\t\t\t<div class=\"elementor-element elementor-element-94c6c89 elementor-widget elementor-widget-text-editor\" data-id=\"94c6c89\" data-element_type=\"widget\" data-widget_type=\"text-editor.default\">\n\t\t\t\t\t\t\t\t\t<p>Impressum<\/p>\t\t\t\t\t\t\t\t<\/div>\n\t\t\t\t<\/div>\n\t\t\t\t<div class=\"elementor-element elementor-element-c05685b elementor-widget elementor-widget-text-editor\" data-id=\"c05685b\" data-element_type=\"widget\" data-widget_type=\"text-editor.default\">\n\t\t\t\t\t\t\t\t\t<p><b>Bj\u00f6rn Lange<\/b><br \/><b>B\u00fcroanschrift<\/b><strong>:<\/strong> MLP Beratungszentrum Berlin &#8211; Jean-Monnet-Stra\u00dfe 4 &#8211; 10557 Berlin<br \/><b>Steuernummer<\/b><strong>:<\/strong> 25\/411\/00803<\/p><p><b>Kontakt<\/b><br \/><b>Telefon<\/b><strong>:<\/strong> +49 171 1562387<br \/><b>E-Mail<\/b><strong>:<\/strong> <a href=\"mailto:bjoern.lange@mlp.de\">bjoern.lange@mlp.de<\/a><\/p><p><b>Handelsvertreter gem. \u00a7 84 HGB f\u00fcr die MLP Finanzberatung SE<br \/><\/b>Anlageberatung und Anlagevermittlung im Sinne des \u00a71 Abs. 1a Satz 2 Nr 1 und 1a als vertraglich gebundener Vermittler unter dem Haftungsdach der:<\/p><p><b>MLP Banking AG<\/b><br \/>Alte Heerstr. 40<br \/>69168 Wiesloch<\/p><p><b>Aufsichtsbeh\u00f6rden<br \/>Industrie- und Handelskammer zu Berlin<br \/><\/b>Fasanenstra\u00dfe 85<br \/>10623 Berlin<br \/><a href=\"http:\/\/www.ihk.de\/berlin\">www.ihk.de\/berlin<\/a><\/p><p><b>Bundesanstalt f\u00fcr Finanzdienstleistungsaufsicht (Bafin)<\/b><br \/>Marie-Curie-Str. 24-28<br \/>D-60439 Frankfurt<br \/><a href=\"http:\/\/www.bafin.de\/\">www.bafin.de<\/a><\/p><p><b>Beschwerdestellen \u2013 au\u00dfergerichtliche Streitbeilegung:<br \/>Versicherungsombudsmann e.V.<br \/><\/b>Postfach 08 06 32<br \/>10006 Berlin<br \/><a href=\"http:\/\/www.versicherungsombudsmann.de\/\">www.versicherungsombudsmann.de<\/a><\/p><p><b>Ombudsmann f\u00fcr die private Kranken- und Pflegeversicherung<br \/><\/b>Postfach 06 02 22<br \/>10052 Berlin<br \/><a href=\"http:\/\/www.pkv-ombudsmann.de\/\">www.pkv-ombudsmann.de<\/a><\/p><p><b>Zust\u00e4ndige Kammer \/ Gemeinsame Stelle nach \u00a711a GewO:<br \/>Industrie- und Handelskammer zu Berlin<br \/><\/b>Fasanenstra\u00dfe 85<br \/>10623 Berlin<\/p><p><b>Erlaubnis nach \u00a7 34d Abs. 1 GewO und \u00a734C Abs. 1 GewO:<br \/>Register-Nummer: <\/b>D-Z4BX-FQDTB-62<\/p><p><b>Angaben zur Berufshaftpflichtversicherung<br \/>Name und Sitz des Versicherers:<br \/><\/b>ERGO Versicherung<br \/>HV-SV 72022146 2-107588<\/p><p><b>Geltungsraum der Versicherung:<br \/><\/b>Deutschland<\/p><p><b>Redaktionell verantwortlich<br \/>Bj\u00f6rn Lange<br \/>B\u00fcroanschrift<\/b><strong>:<\/strong> MLP Beratungszentrum Berlin &#8211; Jean-Monnet-Stra\u00dfe 4 &#8211; 10557 Berlin<\/p><p><b>EU-Streitschlichtung<\/b><br \/>Die Europ\u00e4ische Kommission stellt eine Plattform zur Online-Streitbeilegung (OS) bereit: <a href=\"https:\/\/ec.europa.eu\/consumers\/odr\/\">https:\/\/ec.europa.eu\/consumers\/odr\/<\/a>.<br \/>Unsere E-Mail-Adresse finden Sie oben im Impressum.<\/p><p><b>Verbraucherstreitbeilegung \/ Universalschlichtungsstelle<\/b><br \/>Wir sind nicht bereit oder verpflichtet, an Streitbeilegungsverfahren vor einer Verbraucherschlichtungsstelle teilzunehmen.<\/p><p><b>Haftung f\u00fcr Links<br \/><\/b>Unser Angebot enth\u00e4lt Links zu externen Websites Dritter, auf deren Inhalte wir keinen Einfluss haben. Deshalb k\u00f6nnen wir f\u00fcr diese fremden Inhalte auch keine Gew\u00e4hr \u00fcbernehmen. F\u00fcr die Inhalte der verlinkten Seiten ist stets der jeweilige Anbieter oder Betreiber der Seiten verantwortlich. Die verlinkten Seiten wurden zum Zeitpunkt der Verlinkung auf m\u00f6gliche Rechtsverst\u00f6\u00dfe \u00fcberpr\u00fcft. Rechtswidrige Inhalte waren zum Zeitpunkt der Verlinkung nicht erkennbar.<\/p><p>Eine permanente inhaltliche Kontrolle der verlinkten Seiten ist jedoch ohne konkrete Anhaltspunkte einer Rechtsverletzung nicht zumutbar. Bei Bekanntwerden von Rechtsverletzungen werden wir derartige Links umgehend entfernen.<\/p><p><b>Urheberrecht<\/b><br \/>Die durch die Seitenbetreiber erstellten Inhalte und Werke auf diesen Seiten unterliegen dem deutschen Urheberrecht. Die Vervielf\u00e4ltigung, Bearbeitung, Verbreitung und jede Art der Verwertung au\u00dferhalb der Grenzen des Urheberrechtes bed\u00fcrfen der schriftlichen Zustimmung des jeweiligen Autors bzw. Erstellers. Downloads und Kopien dieser Seite sind nur f\u00fcr den privaten, nicht kommerziellen Gebrauch gestattet.<\/p><p>Soweit die Inhalte auf dieser Seite nicht vom Betreiber erstellt wurden, werden die Urheberrechte Dritter beachtet. Insbesondere werden Inhalte Dritter als solche gekennzeichnet. Sollten Sie trotzdem auf eine Urheberrechtsverletzung aufmerksam werden, bitten wir um einen entsprechenden Hinweis. Bei Bekanntwerden von Rechtsverletzungen werden wir derartige Inhalte umgehend entfernen.<\/p>\t\t\t\t\t\t\t\t<\/div>\n\t\t\t\t<\/div>\n\t\t<div class=\"elementor-element elementor-element-a65e3b8 e-con-full e-flex e-con e-child\" data-id=\"a65e3b8\" data-element_type=\"container\">\n\t\t<div class=\"elementor-element elementor-element-61b42c2 e-con-full e-flex e-con e-child\" data-id=\"61b42c2\" data-element_type=\"container\" data-settings=\"{&quot;background_background&quot;:&quot;classic&quot;,&quot;sticky&quot;:&quot;top&quot;,&quot;sticky_offset&quot;:40,&quot;sticky_effects_offset&quot;:10,&quot;sticky_anchor_link_offset&quot;:10,&quot;sticky_on&quot;:[&quot;desktop&quot;,&quot;tablet&quot;,&quot;mobile&quot;]}\">\n\t\t\t\t<div class=\"elementor-element elementor-element-d2f589c elementor-widget elementor-widget-text-editor\" data-id=\"d2f589c\" data-element_type=\"widget\" data-widget_type=\"text-editor.default\">\n\t\t\t\t\t\t\t\t\t<p>Webdesign und Umsetzung durch<\/p>\t\t\t\t\t\t\t\t<\/div>\n\t\t\t\t<div class=\"elementor-element elementor-element-2849b03 elementor-widget elementor-widget-image\" data-id=\"2849b03\" data-element_type=\"widget\" data-widget_type=\"image.default\">\n\t\t\t\t\t\t\t\t\t\t\t\t\t\t\t<img fetchpriority=\"high\" decoding=\"async\" width=\"768\" height=\"93\" src=\"https:\/\/lange.senejko.pl\/wp-content\/uploads\/2025\/10\/mindroom_logo-font_white-768x93-1.webp\" class=\"attachment-large size-large wp-image-813\" alt=\"\" srcset=\"https:\/\/lange.senejko.pl\/wp-content\/uploads\/2025\/10\/mindroom_logo-font_white-768x93-1.webp 768w, https:\/\/lange.senejko.pl\/wp-content\/uploads\/2025\/10\/mindroom_logo-font_white-768x93-1-300x36.webp 300w\" sizes=\"(max-width: 768px) 100vw, 768px\" \/>\t\t\t\t\t\t\t\t\t\t\t\t\t\t\t<\/div>\n\t\t\t\t<div class=\"elementor-element elementor-element-c2685dc elementor-align-center elementor-icon-list--layout-traditional elementor-list-item-link-full_width elementor-widget elementor-widget-icon-list\" data-id=\"c2685dc\" data-element_type=\"widget\" data-widget_type=\"icon-list.default\">\n\t\t\t\t\t\t\t<ul class=\"elementor-icon-list-items\">\n\t\t\t\t\t\t\t<li class=\"elementor-icon-list-item\">\n\t\t\t\t\t\t\t\t\t\t\t<span class=\"elementor-icon-list-icon\">\n\t\t\t\t\t\t\t<svg aria-hidden=\"true\" class=\"e-font-icon-svg e-far-arrow-alt-circle-right\" viewBox=\"0 0 512 512\" xmlns=\"http:\/\/www.w3.org\/2000\/svg\"><path d=\"M504 256C504 119 393 8 256 8S8 119 8 256s111 248 248 248 248-111 248-248zm-448 0c0-110.5 89.5-200 200-200s200 89.5 200 200-89.5 200-200 200S56 366.5 56 256zm72 20v-40c0-6.6 5.4-12 12-12h116v-67c0-10.7 12.9-16 20.5-8.5l99 99c4.7 4.7 4.7 12.3 0 17l-99 99c-7.6 7.6-20.5 2.2-20.5-8.5v-67H140c-6.6 0-12-5.4-12-12z\"><\/path><\/svg>\t\t\t\t\t\t<\/span>\n\t\t\t\t\t\t\t\t\t\t<span class=\"elementor-icon-list-text\">www.mindroom.studio<\/span>\n\t\t\t\t\t\t\t\t\t<\/li>\n\t\t\t\t\t\t\t\t<li class=\"elementor-icon-list-item\">\n\t\t\t\t\t\t\t\t\t\t\t<span class=\"elementor-icon-list-icon\">\n\t\t\t\t\t\t\t<svg aria-hidden=\"true\" class=\"e-font-icon-svg e-far-envelope\" viewBox=\"0 0 512 512\" xmlns=\"http:\/\/www.w3.org\/2000\/svg\"><path d=\"M464 64H48C21.49 64 0 85.49 0 112v288c0 26.51 21.49 48 48 48h416c26.51 0 48-21.49 48-48V112c0-26.51-21.49-48-48-48zm0 48v40.805c-22.422 18.259-58.168 46.651-134.587 106.49-16.841 13.247-50.201 45.072-73.413 44.701-23.208.375-56.579-31.459-73.413-44.701C106.18 199.465 70.425 171.067 48 152.805V112h416zM48 400V214.398c22.914 18.251 55.409 43.862 104.938 82.646 21.857 17.205 60.134 55.186 103.062 54.955 42.717.231 80.509-37.199 103.053-54.947 49.528-38.783 82.032-64.401 104.947-82.653V400H48z\"><\/path><\/svg>\t\t\t\t\t\t<\/span>\n\t\t\t\t\t\t\t\t\t\t<span class=\"elementor-icon-list-text\">info@mindroom.studio<\/span>\n\t\t\t\t\t\t\t\t\t<\/li>\n\t\t\t\t\t\t<\/ul>\n\t\t\t\t\t\t<\/div>\n\t\t\t\t<\/div>\n\t\t\t\t<\/div>\n\t\t\t\t\t<\/div>\n\t\t\t\t<\/div>\n\t\t\t\t<\/div>\n\t\t","protected":false},"excerpt":{"rendered":"<p>Impressum Bj\u00f6rn LangeB\u00fcroanschrift: MLP Beratungszentrum Berlin &#8211; Jean-Monnet-Stra\u00dfe 4 &#8211; 10557 BerlinSteuernummer: 25\/411\/00803 KontaktTelefon: +49 171 1562387E-Mail: bjoern.lange@mlp.de Handelsvertreter gem. \u00a7 84 HGB f\u00fcr die MLP Finanzberatung SEAnlageberatung und Anlagevermittlung im Sinne des \u00a71 Abs. 1a Satz 2 Nr 1 und 1a als vertraglich gebundener Vermittler unter dem Haftungsdach der: MLP Banking AGAlte Heerstr. 4069168 [&hellip;]<\/p>\n","protected":false},"author":1,"featured_media":0,"parent":0,"menu_order":0,"comment_status":"closed","ping_status":"closed","template":"","meta":{"footnotes":""},"class_list":["post-1077","page","type-page","status-publish","hentry"],"yoast_head":"<!-- This site is optimized with the Yoast SEO plugin v26.3 - https:\/\/yoast.com\/wordpress\/plugins\/seo\/ -->\n<title>Impressum - Bj\u00f6rn Lange<\/title>\n<meta name=\"robots\" content=\"index, follow, max-snippet:-1, max-image-preview:large, max-video-preview:-1\" \/>\n<link rel=\"canonical\" href=\"https:\/\/lange.senejko.pl\/index.php\/impressum\/\" \/>\n<meta property=\"og:locale\" content=\"en_US\" \/>\n<meta property=\"og:type\" content=\"article\" \/>\n<meta property=\"og:title\" content=\"Impressum - Bj\u00f6rn Lange\" \/>\n<meta property=\"og:description\" content=\"Impressum Bj\u00f6rn LangeB\u00fcroanschrift: MLP Beratungszentrum Berlin &#8211; Jean-Monnet-Stra\u00dfe 4 &#8211; 10557 BerlinSteuernummer: 25\/411\/00803 KontaktTelefon: +49 171 1562387E-Mail: bjoern.lange@mlp.de Handelsvertreter gem. \u00a7 84 HGB f\u00fcr die MLP Finanzberatung SEAnlageberatung und Anlagevermittlung im Sinne des \u00a71 Abs. 1a Satz 2 Nr 1 und 1a als vertraglich gebundener Vermittler unter dem Haftungsdach der: MLP Banking AGAlte Heerstr. 4069168 [&hellip;]\" \/>\n<meta property=\"og:url\" content=\"https:\/\/lange.senejko.pl\/index.php\/impressum\/\" \/>\n<meta property=\"og:site_name\" content=\"Bj\u00f6rn Lange\" \/>\n<meta property=\"article:modified_time\" content=\"2025-10-27T19:20:15+00:00\" \/>\n<meta property=\"og:image\" content=\"https:\/\/lange.senejko.pl\/wp-content\/uploads\/2025\/10\/mindroom_logo-font_white-768x93-1.webp\" \/>\n\t<meta property=\"og:image:width\" content=\"768\" \/>\n\t<meta property=\"og:image:height\" content=\"93\" \/>\n\t<meta property=\"og:image:type\" content=\"image\/webp\" \/>\n<meta name=\"twitter:card\" content=\"summary_large_image\" \/>\n<meta name=\"twitter:label1\" content=\"Est. reading time\" \/>\n\t<meta name=\"twitter:data1\" content=\"3 minutes\" \/>\n<script type=\"application\/ld+json\" class=\"yoast-schema-graph\">{\"@context\":\"https:\/\/schema.org\",\"@graph\":[{\"@type\":\"WebPage\",\"@id\":\"https:\/\/lange.senejko.pl\/index.php\/impressum\/\",\"url\":\"https:\/\/lange.senejko.pl\/index.php\/impressum\/\",\"name\":\"Impressum - Bj\u00f6rn Lange\",\"isPartOf\":{\"@id\":\"https:\/\/lange.senejko.pl\/#website\"},\"primaryImageOfPage\":{\"@id\":\"https:\/\/lange.senejko.pl\/index.php\/impressum\/#primaryimage\"},\"image\":{\"@id\":\"https:\/\/lange.senejko.pl\/index.php\/impressum\/#primaryimage\"},\"thumbnailUrl\":\"https:\/\/lange.senejko.pl\/wp-content\/uploads\/2025\/10\/mindroom_logo-font_white-768x93-1.webp\",\"datePublished\":\"2025-10-27T19:08:20+00:00\",\"dateModified\":\"2025-10-27T19:20:15+00:00\",\"breadcrumb\":{\"@id\":\"https:\/\/lange.senejko.pl\/index.php\/impressum\/#breadcrumb\"},\"inLanguage\":\"en-US\",\"potentialAction\":[{\"@type\":\"ReadAction\",\"target\":[\"https:\/\/lange.senejko.pl\/index.php\/impressum\/\"]}]},{\"@type\":\"ImageObject\",\"inLanguage\":\"en-US\",\"@id\":\"https:\/\/lange.senejko.pl\/index.php\/impressum\/#primaryimage\",\"url\":\"https:\/\/lange.senejko.pl\/wp-content\/uploads\/2025\/10\/mindroom_logo-font_white-768x93-1.webp\",\"contentUrl\":\"https:\/\/lange.senejko.pl\/wp-content\/uploads\/2025\/10\/mindroom_logo-font_white-768x93-1.webp\",\"width\":768,\"height\":93},{\"@type\":\"BreadcrumbList\",\"@id\":\"https:\/\/lange.senejko.pl\/index.php\/impressum\/#breadcrumb\",\"itemListElement\":[{\"@type\":\"ListItem\",\"position\":1,\"name\":\"Strona g\u0142\u00f3wna\",\"item\":\"https:\/\/lange.senejko.pl\/\"},{\"@type\":\"ListItem\",\"position\":2,\"name\":\"Impressum\"}]},{\"@type\":\"WebSite\",\"@id\":\"https:\/\/lange.senejko.pl\/#website\",\"url\":\"https:\/\/lange.senejko.pl\/\",\"name\":\"Bj\u00f6rn Lange\",\"description\":\"Your Growth Partner\",\"publisher\":{\"@id\":\"https:\/\/lange.senejko.pl\/#organization\"},\"potentialAction\":[{\"@type\":\"SearchAction\",\"target\":{\"@type\":\"EntryPoint\",\"urlTemplate\":\"https:\/\/lange.senejko.pl\/?s={search_term_string}\"},\"query-input\":{\"@type\":\"PropertyValueSpecification\",\"valueRequired\":true,\"valueName\":\"search_term_string\"}}],\"inLanguage\":\"en-US\"},{\"@type\":\"Organization\",\"@id\":\"https:\/\/lange.senejko.pl\/#organization\",\"name\":\"Bj\u00f6rn Lange\",\"url\":\"https:\/\/lange.senejko.pl\/\",\"logo\":{\"@type\":\"ImageObject\",\"inLanguage\":\"en-US\",\"@id\":\"https:\/\/lange.senejko.pl\/#\/schema\/logo\/image\/\",\"url\":\"https:\/\/lange.senejko.pl\/wp-content\/uploads\/2025\/10\/f3e27d62eff7b09cfe3b8e6ae66c0a16538d4092.png\",\"contentUrl\":\"https:\/\/lange.senejko.pl\/wp-content\/uploads\/2025\/10\/f3e27d62eff7b09cfe3b8e6ae66c0a16538d4092.png\",\"width\":2000,\"height\":213,\"caption\":\"Bj\u00f6rn Lange\"},\"image\":{\"@id\":\"https:\/\/lange.senejko.pl\/#\/schema\/logo\/image\/\"}}]}<\/script>\n<!-- \/ Yoast SEO plugin. -->","yoast_head_json":{"title":"Impressum - Bj\u00f6rn Lange","robots":{"index":"index","follow":"follow","max-snippet":"max-snippet:-1","max-image-preview":"max-image-preview:large","max-video-preview":"max-video-preview:-1"},"canonical":"https:\/\/lange.senejko.pl\/index.php\/impressum\/","og_locale":"en_US","og_type":"article","og_title":"Impressum - Bj\u00f6rn Lange","og_description":"Impressum Bj\u00f6rn LangeB\u00fcroanschrift: MLP Beratungszentrum Berlin &#8211; Jean-Monnet-Stra\u00dfe 4 &#8211; 10557 BerlinSteuernummer: 25\/411\/00803 KontaktTelefon: +49 171 1562387E-Mail: bjoern.lange@mlp.de Handelsvertreter gem. \u00a7 84 HGB f\u00fcr die MLP Finanzberatung SEAnlageberatung und Anlagevermittlung im Sinne des \u00a71 Abs. 1a Satz 2 Nr 1 und 1a als vertraglich gebundener Vermittler unter dem Haftungsdach der: MLP Banking AGAlte Heerstr. 4069168 [&hellip;]","og_url":"https:\/\/lange.senejko.pl\/index.php\/impressum\/","og_site_name":"Bj\u00f6rn Lange","article_modified_time":"2025-10-27T19:20:15+00:00","og_image":[{"width":768,"height":93,"url":"https:\/\/lange.senejko.pl\/wp-content\/uploads\/2025\/10\/mindroom_logo-font_white-768x93-1.webp","type":"image\/webp"}],"twitter_card":"summary_large_image","twitter_misc":{"Est. reading time":"3 minutes"},"schema":{"@context":"https:\/\/schema.org","@graph":[{"@type":"WebPage","@id":"https:\/\/lange.senejko.pl\/index.php\/impressum\/","url":"https:\/\/lange.senejko.pl\/index.php\/impressum\/","name":"Impressum - Bj\u00f6rn Lange","isPartOf":{"@id":"https:\/\/lange.senejko.pl\/#website"},"primaryImageOfPage":{"@id":"https:\/\/lange.senejko.pl\/index.php\/impressum\/#primaryimage"},"image":{"@id":"https:\/\/lange.senejko.pl\/index.php\/impressum\/#primaryimage"},"thumbnailUrl":"https:\/\/lange.senejko.pl\/wp-content\/uploads\/2025\/10\/mindroom_logo-font_white-768x93-1.webp","datePublished":"2025-10-27T19:08:20+00:00","dateModified":"2025-10-27T19:20:15+00:00","breadcrumb":{"@id":"https:\/\/lange.senejko.pl\/index.php\/impressum\/#breadcrumb"},"inLanguage":"en-US","potentialAction":[{"@type":"ReadAction","target":["https:\/\/lange.senejko.pl\/index.php\/impressum\/"]}]},{"@type":"ImageObject","inLanguage":"en-US","@id":"https:\/\/lange.senejko.pl\/index.php\/impressum\/#primaryimage","url":"https:\/\/lange.senejko.pl\/wp-content\/uploads\/2025\/10\/mindroom_logo-font_white-768x93-1.webp","contentUrl":"https:\/\/lange.senejko.pl\/wp-content\/uploads\/2025\/10\/mindroom_logo-font_white-768x93-1.webp","width":768,"height":93},{"@type":"BreadcrumbList","@id":"https:\/\/lange.senejko.pl\/index.php\/impressum\/#breadcrumb","itemListElement":[{"@type":"ListItem","position":1,"name":"Strona g\u0142\u00f3wna","item":"https:\/\/lange.senejko.pl\/"},{"@type":"ListItem","position":2,"name":"Impressum"}]},{"@type":"WebSite","@id":"https:\/\/lange.senejko.pl\/#website","url":"https:\/\/lange.senejko.pl\/","name":"Bj\u00f6rn Lange","description":"Your Growth Partner","publisher":{"@id":"https:\/\/lange.senejko.pl\/#organization"},"potentialAction":[{"@type":"SearchAction","target":{"@type":"EntryPoint","urlTemplate":"https:\/\/lange.senejko.pl\/?s={search_term_string}"},"query-input":{"@type":"PropertyValueSpecification","valueRequired":true,"valueName":"search_term_string"}}],"inLanguage":"en-US"},{"@type":"Organization","@id":"https:\/\/lange.senejko.pl\/#organization","name":"Bj\u00f6rn Lange","url":"https:\/\/lange.senejko.pl\/","logo":{"@type":"ImageObject","inLanguage":"en-US","@id":"https:\/\/lange.senejko.pl\/#\/schema\/logo\/image\/","url":"https:\/\/lange.senejko.pl\/wp-content\/uploads\/2025\/10\/f3e27d62eff7b09cfe3b8e6ae66c0a16538d4092.png","contentUrl":"https:\/\/lange.senejko.pl\/wp-content\/uploads\/2025\/10\/f3e27d62eff7b09cfe3b8e6ae66c0a16538d4092.png","width":2000,"height":213,"caption":"Bj\u00f6rn Lange"},"image":{"@id":"https:\/\/lange.senejko.pl\/#\/schema\/logo\/image\/"}}]}},"_links":{"self":[{"href":"https:\/\/lange.senejko.pl\/index.php\/wp-json\/wp\/v2\/pages\/1077","targetHints":{"allow":["GET"]}}],"collection":[{"href":"https:\/\/lange.senejko.pl\/index.php\/wp-json\/wp\/v2\/pages"}],"about":[{"href":"https:\/\/lange.senejko.pl\/index.php\/wp-json\/wp\/v2\/types\/page"}],"author":[{"embeddable":true,"href":"https:\/\/lange.senejko.pl\/index.php\/wp-json\/wp\/v2\/users\/1"}],"replies":[{"embeddable":true,"href":"https:\/\/lange.senejko.pl\/index.php\/wp-json\/wp\/v2\/comments?post=1077"}],"version-history":[{"count":13,"href":"https:\/\/lange.senejko.pl\/index.php\/wp-json\/wp\/v2\/pages\/1077\/revisions"}],"predecessor-version":[{"id":1101,"href":"https:\/\/lange.senejko.pl\/index.php\/wp-json\/wp\/v2\/pages\/1077\/revisions\/1101"}],"wp:attachment":[{"href":"https:\/\/lange.senejko.pl\/index.php\/wp-json\/wp\/v2\/media?parent=1077"}],"curies":[{"name":"wp","href":"https:\/\/api.w.org\/{rel}","templated":true}]}}