{"id":866,"date":"2025-10-24T15:30:22","date_gmt":"2025-10-24T13:30:22","guid":{"rendered":"https:\/\/lange.senejko.pl\/?page_id=866"},"modified":"2025-11-04T11:24:54","modified_gmt":"2025-11-04T10:24:54","slug":"blog","status":"publish","type":"page","link":"https:\/\/lange.senejko.pl\/index.php\/blog\/","title":{"rendered":"Blog"},"content":{"rendered":"\t\t<div data-elementor-type=\"wp-page\" data-elementor-id=\"866\" class=\"elementor elementor-866\" data-elementor-post-type=\"page\">\n\t\t\t\t<div class=\"elementor-element elementor-element-859b85d e-flex e-con-boxed e-con e-parent\" data-id=\"859b85d\" data-element_type=\"container\">\n\t\t\t\t\t<div class=\"e-con-inner\">\n\t\t\t\t<div class=\"elementor-element elementor-element-794d2cb elementor-widget elementor-widget-heading\" data-id=\"794d2cb\" data-element_type=\"widget\" data-widget_type=\"heading.default\">\n\t\t\t\t\t<h2 class=\"elementor-heading-title elementor-size-default\">WER IMMER IN DEN SPUREN ANDERER WANDELT, BRAUCHT SICH NICHT ZU WUNDERN, DASS ER KEINE EINDR\u00dcCKE HINTERL\u00c4SST.<\/h2>\t\t\t\t<\/div>\n\t\t\t\t<div class=\"elementor-element elementor-element-439ef39 elementor-widget elementor-widget-heading\" data-id=\"439ef39\" data-element_type=\"widget\" data-widget_type=\"heading.default\">\n\t\t\t\t\t<h2 class=\"elementor-heading-title elementor-size-default\">Mein Blog entsteht gerade \u2013 einzigartig, wie meine Arbeit.\nBald gibt\u2019s hier Gedanken, Impulse und neue Perspektiven.<\/h2>\t\t\t\t<\/div>\n\t\t\t\t<div class=\"elementor-element elementor-element-9b1512d elementor-align-center elementor-widget elementor-widget-button\" data-id=\"9b1512d\" data-element_type=\"widget\" data-widget_type=\"button.default\">\n\t\t\t\t\t\t\t\t\t\t<a class=\"elementor-button elementor-button-link elementor-size-sm\" href=\"https:\/\/lange.senejko.pl\/index.php\/homepage-new\/\">\n\t\t\t\t\t\t<span class=\"elementor-button-content-wrapper\">\n\t\t\t\t\t\t\t\t\t<span class=\"elementor-button-text\">Startseite<\/span>\n\t\t\t\t\t<\/span>\n\t\t\t\t\t<\/a>\n\t\t\t\t\t\t\t\t<\/div>\n\t\t\t\t\t<\/div>\n\t\t\t\t<\/div>\n\t\t\t\t<\/div>\n\t\t","protected":false},"excerpt":{"rendered":"<p>WER IMMER IN DEN SPUREN ANDERER WANDELT, BRAUCHT SICH NICHT ZU WUNDERN, DASS ER KEINE EINDR\u00dcCKE HINTERL\u00c4SST. Mein Blog entsteht gerade \u2013 einzigartig, wie meine Arbeit. Bald gibt\u2019s hier Gedanken, Impulse und neue Perspektiven. Startseite<\/p>\n","protected":false},"author":1,"featured_media":0,"parent":0,"menu_order":0,"comment_status":"closed","ping_status":"closed","template":"","meta":{"footnotes":""},"class_list":["post-866","page","type-page","status-publish","hentry"],"yoast_head":"<!-- This site is optimized with the Yoast SEO plugin v26.3 - https:\/\/yoast.com\/wordpress\/plugins\/seo\/ -->\n<title>Blog - Bj\u00f6rn Lange<\/title>\n<meta name=\"robots\" content=\"index, follow, max-snippet:-1, max-image-preview:large, max-video-preview:-1\" \/>\n<link rel=\"canonical\" href=\"https:\/\/lange.senejko.pl\/index.php\/blog\/\" \/>\n<meta property=\"og:locale\" content=\"en_US\" \/>\n<meta property=\"og:type\" content=\"article\" \/>\n<meta property=\"og:title\" content=\"Blog - Bj\u00f6rn Lange\" \/>\n<meta property=\"og:description\" content=\"WER IMMER IN DEN SPUREN ANDERER WANDELT, BRAUCHT SICH NICHT ZU WUNDERN, DASS ER KEINE EINDR\u00dcCKE HINTERL\u00c4SST. Mein Blog entsteht gerade \u2013 einzigartig, wie meine Arbeit. Bald gibt\u2019s hier Gedanken, Impulse und neue Perspektiven. Startseite\" \/>\n<meta property=\"og:url\" content=\"https:\/\/lange.senejko.pl\/index.php\/blog\/\" \/>\n<meta property=\"og:site_name\" content=\"Bj\u00f6rn Lange\" \/>\n<meta property=\"article:modified_time\" content=\"2025-11-04T10:24:54+00:00\" \/>\n<meta name=\"twitter:card\" content=\"summary_large_image\" \/>\n<meta name=\"twitter:label1\" content=\"Est. reading time\" \/>\n\t<meta name=\"twitter:data1\" content=\"1 minute\" \/>\n<script type=\"application\/ld+json\" class=\"yoast-schema-graph\">{\"@context\":\"https:\/\/schema.org\",\"@graph\":[{\"@type\":\"WebPage\",\"@id\":\"https:\/\/lange.senejko.pl\/index.php\/blog\/\",\"url\":\"https:\/\/lange.senejko.pl\/index.php\/blog\/\",\"name\":\"Blog - Bj\u00f6rn Lange\",\"isPartOf\":{\"@id\":\"https:\/\/lange.senejko.pl\/#website\"},\"datePublished\":\"2025-10-24T13:30:22+00:00\",\"dateModified\":\"2025-11-04T10:24:54+00:00\",\"breadcrumb\":{\"@id\":\"https:\/\/lange.senejko.pl\/index.php\/blog\/#breadcrumb\"},\"inLanguage\":\"en-US\",\"potentialAction\":[{\"@type\":\"ReadAction\",\"target\":[\"https:\/\/lange.senejko.pl\/index.php\/blog\/\"]}]},{\"@type\":\"BreadcrumbList\",\"@id\":\"https:\/\/lange.senejko.pl\/index.php\/blog\/#breadcrumb\",\"itemListElement\":[{\"@type\":\"ListItem\",\"position\":1,\"name\":\"Strona g\u0142\u00f3wna\",\"item\":\"https:\/\/lange.senejko.pl\/\"},{\"@type\":\"ListItem\",\"position\":2,\"name\":\"Blog\"}]},{\"@type\":\"WebSite\",\"@id\":\"https:\/\/lange.senejko.pl\/#website\",\"url\":\"https:\/\/lange.senejko.pl\/\",\"name\":\"Bj\u00f6rn Lange\",\"description\":\"Your Growth Partner\",\"publisher\":{\"@id\":\"https:\/\/lange.senejko.pl\/#organization\"},\"potentialAction\":[{\"@type\":\"SearchAction\",\"target\":{\"@type\":\"EntryPoint\",\"urlTemplate\":\"https:\/\/lange.senejko.pl\/?s={search_term_string}\"},\"query-input\":{\"@type\":\"PropertyValueSpecification\",\"valueRequired\":true,\"valueName\":\"search_term_string\"}}],\"inLanguage\":\"en-US\"},{\"@type\":\"Organization\",\"@id\":\"https:\/\/lange.senejko.pl\/#organization\",\"name\":\"Bj\u00f6rn Lange\",\"url\":\"https:\/\/lange.senejko.pl\/\",\"logo\":{\"@type\":\"ImageObject\",\"inLanguage\":\"en-US\",\"@id\":\"https:\/\/lange.senejko.pl\/#\/schema\/logo\/image\/\",\"url\":\"https:\/\/lange.senejko.pl\/wp-content\/uploads\/2025\/10\/f3e27d62eff7b09cfe3b8e6ae66c0a16538d4092.png\",\"contentUrl\":\"https:\/\/lange.senejko.pl\/wp-content\/uploads\/2025\/10\/f3e27d62eff7b09cfe3b8e6ae66c0a16538d4092.png\",\"width\":2000,\"height\":213,\"caption\":\"Bj\u00f6rn Lange\"},\"image\":{\"@id\":\"https:\/\/lange.senejko.pl\/#\/schema\/logo\/image\/\"}}]}<\/script>\n<!-- \/ Yoast SEO plugin. -->","yoast_head_json":{"title":"Blog - Bj\u00f6rn Lange","robots":{"index":"index","follow":"follow","max-snippet":"max-snippet:-1","max-image-preview":"max-image-preview:large","max-video-preview":"max-video-preview:-1"},"canonical":"https:\/\/lange.senejko.pl\/index.php\/blog\/","og_locale":"en_US","og_type":"article","og_title":"Blog - Bj\u00f6rn Lange","og_description":"WER IMMER IN DEN SPUREN ANDERER WANDELT, BRAUCHT SICH NICHT ZU WUNDERN, DASS ER KEINE EINDR\u00dcCKE HINTERL\u00c4SST. Mein Blog entsteht gerade \u2013 einzigartig, wie meine Arbeit. Bald gibt\u2019s hier Gedanken, Impulse und neue Perspektiven. Startseite","og_url":"https:\/\/lange.senejko.pl\/index.php\/blog\/","og_site_name":"Bj\u00f6rn Lange","article_modified_time":"2025-11-04T10:24:54+00:00","twitter_card":"summary_large_image","twitter_misc":{"Est. reading time":"1 minute"},"schema":{"@context":"https:\/\/schema.org","@graph":[{"@type":"WebPage","@id":"https:\/\/lange.senejko.pl\/index.php\/blog\/","url":"https:\/\/lange.senejko.pl\/index.php\/blog\/","name":"Blog - Bj\u00f6rn Lange","isPartOf":{"@id":"https:\/\/lange.senejko.pl\/#website"},"datePublished":"2025-10-24T13:30:22+00:00","dateModified":"2025-11-04T10:24:54+00:00","breadcrumb":{"@id":"https:\/\/lange.senejko.pl\/index.php\/blog\/#breadcrumb"},"inLanguage":"en-US","potentialAction":[{"@type":"ReadAction","target":["https:\/\/lange.senejko.pl\/index.php\/blog\/"]}]},{"@type":"BreadcrumbList","@id":"https:\/\/lange.senejko.pl\/index.php\/blog\/#breadcrumb","itemListElement":[{"@type":"ListItem","position":1,"name":"Strona g\u0142\u00f3wna","item":"https:\/\/lange.senejko.pl\/"},{"@type":"ListItem","position":2,"name":"Blog"}]},{"@type":"WebSite","@id":"https:\/\/lange.senejko.pl\/#website","url":"https:\/\/lange.senejko.pl\/","name":"Bj\u00f6rn Lange","description":"Your Growth Partner","publisher":{"@id":"https:\/\/lange.senejko.pl\/#organization"},"potentialAction":[{"@type":"SearchAction","target":{"@type":"EntryPoint","urlTemplate":"https:\/\/lange.senejko.pl\/?s={search_term_string}"},"query-input":{"@type":"PropertyValueSpecification","valueRequired":true,"valueName":"search_term_string"}}],"inLanguage":"en-US"},{"@type":"Organization","@id":"https:\/\/lange.senejko.pl\/#organization","name":"Bj\u00f6rn Lange","url":"https:\/\/lange.senejko.pl\/","logo":{"@type":"ImageObject","inLanguage":"en-US","@id":"https:\/\/lange.senejko.pl\/#\/schema\/logo\/image\/","url":"https:\/\/lange.senejko.pl\/wp-content\/uploads\/2025\/10\/f3e27d62eff7b09cfe3b8e6ae66c0a16538d4092.png","contentUrl":"https:\/\/lange.senejko.pl\/wp-content\/uploads\/2025\/10\/f3e27d62eff7b09cfe3b8e6ae66c0a16538d4092.png","width":2000,"height":213,"caption":"Bj\u00f6rn Lange"},"image":{"@id":"https:\/\/lange.senejko.pl\/#\/schema\/logo\/image\/"}}]}},"_links":{"self":[{"href":"https:\/\/lange.senejko.pl\/index.php\/wp-json\/wp\/v2\/pages\/866","targetHints":{"allow":["GET"]}}],"collection":[{"href":"https:\/\/lange.senejko.pl\/index.php\/wp-json\/wp\/v2\/pages"}],"about":[{"href":"https:\/\/lange.senejko.pl\/index.php\/wp-json\/wp\/v2\/types\/page"}],"author":[{"embeddable":true,"href":"https:\/\/lange.senejko.pl\/index.php\/wp-json\/wp\/v2\/users\/1"}],"replies":[{"embeddable":true,"href":"https:\/\/lange.senejko.pl\/index.php\/wp-json\/wp\/v2\/comments?post=866"}],"version-history":[{"count":10,"href":"https:\/\/lange.senejko.pl\/index.php\/wp-json\/wp\/v2\/pages\/866\/revisions"}],"predecessor-version":[{"id":1397,"href":"https:\/\/lange.senejko.pl\/index.php\/wp-json\/wp\/v2\/pages\/866\/revisions\/1397"}],"wp:attachment":[{"href":"https:\/\/lange.senejko.pl\/index.php\/wp-json\/wp\/v2\/media?parent=866"}],"curies":[{"name":"wp","href":"https:\/\/api.w.org\/{rel}","templated":true}]}}